{"id":192,"date":"2023-11-27T08:58:02","date_gmt":"2023-11-27T08:58:02","guid":{"rendered":"https:\/\/kondziogarage.pl\/?page_id=192"},"modified":"2024-03-12T09:09:18","modified_gmt":"2024-03-12T09:09:18","slug":"elementor-192","status":"publish","type":"page","link":"https:\/\/kondziogarage.pl\/index.php\/elementor-192\/","title":{"rendered":"Strona wulkanizacji"},"content":{"rendered":"\t\t<div data-elementor-type=\"wp-page\" data-elementor-id=\"192\" class=\"elementor elementor-192\">\n\t\t\t\t\t\t<section class=\"elementor-section elementor-top-section elementor-element elementor-element-385867d elementor-section-boxed elementor-section-height-default elementor-section-height-default wpr-particle-no wpr-jarallax-no wpr-parallax-no wpr-sticky-section-no\" data-id=\"385867d\" data-element_type=\"section\">\n\t\t\t\t\t\t<div class=\"elementor-container elementor-column-gap-default\">\n\t\t\t\t\t<div class=\"elementor-column elementor-col-100 elementor-top-column elementor-element elementor-element-efb33ea\" data-id=\"efb33ea\" data-element_type=\"column\">\n\t\t\t<div class=\"elementor-widget-wrap elementor-element-populated\">\n\t\t\t\t\t\t<section class=\"elementor-section elementor-inner-section elementor-element elementor-element-5b63225 elementor-section-boxed elementor-section-height-default elementor-section-height-default wpr-particle-no wpr-jarallax-no wpr-parallax-no wpr-sticky-section-no\" data-id=\"5b63225\" data-element_type=\"section\">\n\t\t\t\t\t\t<div class=\"elementor-container elementor-column-gap-default\">\n\t\t\t\t\t<div class=\"elementor-column elementor-col-50 elementor-inner-column elementor-element elementor-element-c3a9df9\" data-id=\"c3a9df9\" data-element_type=\"column\">\n\t\t\t<div class=\"elementor-widget-wrap\">\n\t\t\t\t\t\t\t<\/div>\n\t\t<\/div>\n\t\t\t\t<div class=\"elementor-column elementor-col-50 elementor-inner-column elementor-element elementor-element-4455fb1\" data-id=\"4455fb1\" data-element_type=\"column\">\n\t\t\t<div class=\"elementor-widget-wrap\">\n\t\t\t\t\t\t\t<\/div>\n\t\t<\/div>\n\t\t\t\t\t<\/div>\n\t\t<\/section>\n\t\t\t\t\t<\/div>\n\t\t<\/div>\n\t\t\t\t\t<\/div>\n\t\t<\/section>\n\t\t\t\t<section class=\"elementor-section elementor-top-section elementor-element elementor-element-86abab1 elementor-section-boxed elementor-section-height-default elementor-section-height-default wpr-particle-no wpr-jarallax-no wpr-parallax-no wpr-sticky-section-no\" data-id=\"86abab1\" data-element_type=\"section\">\n\t\t\t\t\t\t<div class=\"elementor-container elementor-column-gap-default\">\n\t\t\t\t\t<div class=\"elementor-column elementor-col-100 elementor-top-column elementor-element elementor-element-004d101\" data-id=\"004d101\" data-element_type=\"column\">\n\t\t\t<div class=\"elementor-widget-wrap elementor-element-populated\">\n\t\t\t\t\t\t<div class=\"elementor-element elementor-element-dc86887 wpr-list-style-none elementor-widget elementor-widget-wpr-posts-timeline\" data-id=\"dc86887\" data-element_type=\"widget\" data-settings=\"{&quot;animation_offset&quot;:150,&quot;aos_animation_duration&quot;:600}\" data-widget_type=\"wpr-posts-timeline.default\">\n\t\t\t\t<div class=\"elementor-widget-container\">\n\t\t\t\t\t\n\t\t<div class=\"wpr-wrapper wpr-vertical wpr-centered\">\n\t\t\t<div class=\"wpr-timeline-centered wpr-line wpr-both-sided-timeline\"><div class=\"wpr-middle-line\"><\/div><div class=\"wpr-timeline-fill\" data-layout=\"centered\"><\/div><article class=\"wpr-timeline-entry wpr-left-aligned elementor-repeater-item-b6759b1\" data-item-id=\"elementor-repeater-item-b6759b1\"><time class=\"wpr-extra-label\" data-aos=\"fade\" data-aos-left=\"\" data-aos-right=\"\" data-animation-offset=\"150\" data-animation-duration=\"600\"><span class=\"wpr-sub-label\">Naprawa opon <\/span><\/time><div class=\"wpr-timeline-entry-inner\"><div class=\"wpr-main-line-icon wpr-icon\"><svg xmlns=\"http:\/\/www.w3.org\/2000\/svg\" width=\"64\" height=\"64\" viewBox=\"0 0 64 64\" id=\"flat-tire\"><path fill=\"#D7E9FF\" d=\"M34,42.96c-0.59,0.34-1.27,0.54-2,0.54c-0.729,0-1.409-0.2-2-0.54c-0.609-0.35-1.109-0.85-1.46-1.46   c-0.34-0.59-0.54-1.27-0.54-2s0.2-1.41,0.54-2c0.351-0.61,0.851-1.11,1.46-1.45c0.591-0.35,1.271-0.55,2-0.55   c0.73,0,1.41,0.2,2,0.55c0.61,0.34,1.11,0.84,1.461,1.45c0.34,0.59,0.539,1.27,0.539,2s-0.199,1.41-0.539,2   C35.11,42.11,34.61,42.61,34,42.96z\"><\/path><path fill=\"#5C9EFF\" d=\"M35,13.67c-0.09,1.58-1.399,2.84-3,2.84c-1.6,0-2.909-1.26-3-2.84c0.98-0.11,1.99-0.17,3-0.17   C33.011,13.5,34.021,13.56,35,13.67z\"><\/path><path fill=\"#94C1FF\" d=\"M24.5,52.49c2.2,1.279,4.771,2.01,7.5,2.01c2.73,0,5.301-0.73,7.5-2.01c2.28-1.32,4.171-3.21,5.49-5.49   c1.28-2.2,2.01-4.77,2.01-7.5s-0.729-5.3-2.01-7.5c-1.319-2.28-3.21-4.17-5.49-5.49c-2.199-1.279-4.77-2.01-7.5-2.01   c-2.729,0-5.3,0.73-7.5,2.01c-2.279,1.32-4.17,3.21-5.489,5.49C17.73,34.2,17,36.77,17,39.5s0.73,5.3,2.011,7.5   C20.33,49.28,22.221,51.17,24.5,52.49z M29,13.67c0.091,1.58,1.4,2.84,3,2.84c1.601,0,2.91-1.26,3-2.84   c12.95,1.49,23,12.48,23,25.83c0,6.5-2.38,12.44-6.329,17H53c2.211,0,4,1.79,4,4H8c0-1.66,1.341-3,3-3h2.24   C8.761,52.83,6,46.49,6,39.5C6,26.15,16.051,15.16,29,13.67z\"><\/path><path fill=\"#5C9EFF\" d=\"M44.99,32c-1.319-2.28-3.21-4.17-5.49-5.49c-2.199-1.279-4.77-2.01-7.5-2.01c-2.729,0-5.3,0.73-7.5,2.01   c-2.279,1.32-4.17,3.21-5.489,5.49C17.73,34.2,17,36.77,17,39.5s0.73,5.3,2.011,7.5c1.319,2.28,3.21,4.17,5.489,5.49   c2.2,1.279,4.771,2.01,7.5,2.01c2.73,0,5.301-0.73,7.5-2.01c2.28-1.32,4.171-3.21,5.49-5.49c1.28-2.2,2.01-4.77,2.01-7.5   S46.271,34.2,44.99,32z M34,42.96c-0.59,0.34-1.27,0.54-2,0.54c-0.729,0-1.409-0.2-2-0.54c-0.609-0.35-1.109-0.85-1.46-1.46   c-0.34-0.59-0.54-1.27-0.54-2s0.2-1.41,0.54-2c0.351-0.61,0.851-1.11,1.46-1.45c0.591-0.35,1.271-0.55,2-0.55   c0.73,0,1.41,0.2,2,0.55c0.61,0.34,1.11,0.84,1.461,1.45c0.34,0.59,0.539,1.27,0.539,2s-0.199,1.41-0.539,2   C35.11,42.11,34.61,42.61,34,42.96z\"><\/path><g><path fill=\"#116FFF\" d=\"M63 61.5H1c-.553 0-1-.447-1-1s.447-1 1-1h62c.553 0 1 .447 1 1S63.553 61.5 63 61.5zM13.238 58.503c-.263 0-.525-.103-.722-.308C7.67 53.144 5 46.505 5 39.503c0-14.888 12.112-27 27-27s27 12.112 27 27c0 6.482-2.333 12.752-6.568 17.652-.362.419-.993.463-1.411.103-.418-.361-.464-.993-.103-1.411C54.84 51.311 57 45.506 57 39.503c0-13.785-11.215-25-25-25s-25 11.215-25 25c0 6.483 2.472 12.63 6.96 17.308.382.398.369 1.031-.029 1.414C13.736 58.41 13.487 58.503 13.238 58.503z\"><\/path><path fill=\"#116FFF\" d=\"M32,55.503c-8.822,0-16-7.178-16-16s7.178-16,16-16s16,7.178,16,16S40.822,55.503,32,55.503z M32,25.503   c-7.72,0-14,6.28-14,14s6.28,14,14,14s14-6.28,14-14S39.72,25.503,32,25.503z\"><\/path><path fill=\"#116FFF\" d=\"M32 44.503c-2.757 0-5-2.243-5-5s2.243-5 5-5 5 2.243 5 5S34.757 44.503 32 44.503zM32 36.503c-1.654 0-3 1.346-3 3s1.346 3 3 3 3-1.346 3-3S33.654 36.503 32 36.503zM57 61.5c-.553 0-1-.447-1-1 0-1.654-1.346-3-3-3-.553 0-1-.447-1-1s.447-1 1-1c2.757 0 5 2.243 5 5C58 61.053 57.553 61.5 57 61.5zM8 61.5c-.553 0-1-.447-1-1 0-2.206 1.794-4 4-4 .553 0 1 .447 1 1s-.447 1-1 1c-1.103 0-2 .897-2 2C9 61.053 8.553 61.5 8 61.5z\"><\/path><path fill=\"#116FFF\" d=\"M13.237 58.5H11c-.553 0-1-.447-1-1s.447-1 1-1h2.237c.553 0 1 .447 1 1S13.79 58.5 13.237 58.5zM53 57.5h-1.326c-.553 0-1-.447-1-1s.447-1 1-1H53c.553 0 1 .447 1 1S53.553 57.5 53 57.5zM32 17.51c-2.125 0-3.88-1.661-3.994-3.782-.029-.552.394-1.022.945-1.053.536-.037 1.022.394 1.053.945.057 1.06.934 1.89 1.996 1.89s1.939-.83 1.996-1.89c.03-.552.492-.98 1.053-.945.552.03.975.501.945 1.053C35.88 15.849 34.125 17.51 32 17.51zM32 11.5c-.553 0-1-.447-1-1v-7c0-.553.447-1 1-1s1 .447 1 1v7C33 11.053 32.553 11.5 32 11.5zM35 10.499c-.553 0-1-.447-1-1V6.503c0-.553.447-1 1-1s1 .447 1 1v2.996C36 10.052 35.553 10.499 35 10.499zM29.005 10.499c-.553 0-1-.447-1-1V6.503c0-.553.447-1 1-1s1 .447 1 1v2.996C30.005 10.052 29.558 10.499 29.005 10.499zM32 36.503c-.553 0-1-.447-1-1v-11c0-.553.447-1 1-1s1 .447 1 1v11C33 36.056 32.553 36.503 32 36.503zM32 55.503c-.553 0-1-.447-1-1v-11c0-.553.447-1 1-1s1 .447 1 1v11C33 55.056 32.553 55.503 32 55.503z\"><\/path><path fill=\"#116FFF\" d=\"M30.001 37.039c-.346 0-.682-.179-.867-.5l-5.5-9.526c-.276-.479-.112-1.09.366-1.366.477-.276 1.09-.113 1.366.366l5.5 9.526c.276.479.112 1.09-.366 1.366C30.343 36.996 30.171 37.039 30.001 37.039zM39.501 53.493c-.346 0-.682-.179-.867-.5l-5.5-9.526c-.276-.479-.112-1.09.366-1.366.477-.276 1.089-.113 1.366.366l5.5 9.526c.276.479.112 1.09-.366 1.366C39.843 53.45 39.671 53.493 39.501 53.493zM28.535 38.503c-.17 0-.342-.043-.499-.134l-9.526-5.5c-.479-.276-.643-.888-.366-1.366s.889-.643 1.366-.366l9.526 5.5c.479.276.643.888.366 1.366C29.217 38.323 28.881 38.503 28.535 38.503z\"><\/path><path fill=\"#116FFF\" d=\"M44.989 48.003c-.17 0-.342-.043-.499-.134l-9.526-5.501c-.479-.276-.643-.888-.366-1.366.276-.479.889-.643 1.366-.366l9.526 5.501c.479.276.643.888.366 1.366C45.671 47.824 45.335 48.003 44.989 48.003zM28.001 40.503H17c-.553 0-1-.447-1-1s.447-1 1-1h11.001c.553 0 1 .447 1 1S28.554 40.503 28.001 40.503z\"><\/path><path fill=\"#116FFF\" d=\"M47 40.503L47 40.503l-11.001-.001c-.553 0-1-.448-1-1 0-.553.448-1 1-1l0 0L47 38.503c.553 0 1 .448 1 1C48 40.056 47.552 40.503 47 40.503zM19.011 48.003c-.346 0-.682-.179-.867-.5-.276-.479-.112-1.09.366-1.366l9.526-5.501c.477-.276 1.09-.113 1.366.366.276.479.112 1.09-.366 1.366l-9.526 5.501C19.353 47.96 19.181 48.003 19.011 48.003zM35.464 38.502c-.346 0-.682-.18-.867-.5-.276-.479-.112-1.09.366-1.366l9.527-5.499c.477-.276 1.089-.112 1.366.366.276.479.112 1.09-.366 1.366l-9.527 5.499C35.806 38.459 35.634 38.502 35.464 38.502z\"><\/path><path fill=\"#116FFF\" d=\"M24.499 53.493c-.17 0-.342-.043-.499-.134-.479-.276-.643-.888-.366-1.366l5.5-9.527c.276-.479.889-.643 1.366-.366.479.276.643.888.366 1.366l-5.5 9.527C25.181 53.313 24.845 53.493 24.499 53.493zM33.998 37.039c-.17 0-.342-.043-.499-.134-.479-.276-.643-.888-.366-1.366l5.501-9.526c.276-.479.889-.643 1.366-.366.479.276.643.888.366 1.366l-5.501 9.526C34.68 36.86 34.344 37.039 33.998 37.039z\"><\/path><\/g><\/svg><\/div><div class=\"wpr-story-info-vertical wpr-data-wrap \"  data-aos=\"fade\" data-aos-left=\"\" data-aos-right=\"\" data-animation-offset=\"150\" data-animation-duration=\"600\"><div class=\"wpr-animation-wrap wpr-timeline-media\"><img fetchpriority=\"high\" decoding=\"async\" width=\"1536\" height=\"2048\" src=\"https:\/\/kondziogarage.pl\/wp-content\/uploads\/2023\/11\/oponaprzebita.jpg\" class=\"attachment-full size-full\" alt=\"\" srcset=\"https:\/\/kondziogarage.pl\/wp-content\/uploads\/2023\/11\/oponaprzebita.jpg 1536w, https:\/\/kondziogarage.pl\/wp-content\/uploads\/2023\/11\/oponaprzebita-225x300.jpg 225w, https:\/\/kondziogarage.pl\/wp-content\/uploads\/2023\/11\/oponaprzebita-768x1024.jpg 768w, https:\/\/kondziogarage.pl\/wp-content\/uploads\/2023\/11\/oponaprzebita-1152x1536.jpg 1152w\" sizes=\"(max-width: 1536px) 100vw, 1536px\" \/><\/div><div class=\"wpr-timeline-content-wrapper\"><div class=\"wpr-content-wrapper\"><div class=\"wpr-description\"><strong>Odkryj nasz\u0105 specjalistyczn\u0105 us\u0142ug\u0119 naprawy opon, gdzie szybko i skutecznie przywr\u00f3cimy pe\u0142n\u0105 sprawno\u015b\u0107 twoim ko\u0142om. Bezpiecze\u0144stwo na drodze zaczyna si\u0119 od zdrowych opon \u2013 zaufaj naszemu do\u015bwiadczeni<\/strong><\/div><\/div><\/div><\/div>\n\t\t\t\t\t\t<\/div>\n\t\t\t\t<\/article><article class=\"wpr-timeline-entry wpr-right-aligned elementor-repeater-item-7b8c7e2\" data-item-id=\"elementor-repeater-item-7b8c7e2\"><time class=\"wpr-extra-label\" data-aos=\"fade\" data-aos-left=\"\" data-aos-right=\"\" data-animation-offset=\"150\" data-animation-duration=\"600\"><span class=\"wpr-sub-label\">Wymiana opon<\/span><\/time><div class=\"wpr-timeline-entry-inner\"><div class=\"wpr-main-line-icon wpr-icon\"><svg xmlns=\"http:\/\/www.w3.org\/2000\/svg\" viewBox=\"0 0 64 64\" id=\"tire-balance\"><g data-name=\"Layer 10\"><path fill=\"#e2b13f\" d=\"M41,37a3,3,0,0,1-3-3V10a3,3,0,0,1,3-3H57a3,3,0,0,1,3,3v4.2a5.954,5.954,0,0,1-1,3.3h0a5.954,5.954,0,0,0-1,3.3V23.2a5.954,5.954,0,0,0,1,3.3h0a5.954,5.954,0,0,1,1,3.3V34a3,3,0,0,1-3,3Z\"><\/path><path fill=\"#fad66f\" d=\"M59,35a2.983,2.983,0,0,0,.86-.14A2.983,2.983,0,0,0,60,34V29.8a5.954,5.954,0,0,0-1-3.3,5.954,5.954,0,0,1-1-3.3V20.8a5.954,5.954,0,0,1,1-3.3,5.954,5.954,0,0,0,1-3.3V10a3,3,0,0,0-3-3H41a2.983,2.983,0,0,0-.86.14A2.983,2.983,0,0,0,40,8V32a3,3,0,0,0,3,3Z\"><\/path><rect width=\"28\" height=\"4\" x=\"34\" y=\"41\" fill=\"#798c93\"><\/rect><rect width=\"28\" height=\"2\" x=\"34\" y=\"41\" fill=\"#a4b6ba\"><\/rect><rect width=\"32\" height=\"30\" x=\"2\" y=\"32\" fill=\"#43525b\"><\/rect><rect width=\"30\" height=\"28\" x=\"4\" y=\"32\" fill=\"#51626b\"><\/rect><path fill=\"#323d42\" d=\"M53,58H45a2,2,0,0,1-2-2V30a2,2,0,0,1,2-2h8a2,2,0,0,1,2,2V56A2,2,0,0,1,53,58Z\"><\/path><path fill=\"#43525b\" d=\"M53,28H45V54a2,2,0,0,0,2,2h8V30A2,2,0,0,0,53,28Z\"><\/path><rect width=\"2\" height=\"30\" x=\"46\" y=\"28\" fill=\"#798c93\"><\/rect><rect width=\"2\" height=\"30\" x=\"50\" y=\"28\" fill=\"#798c93\"><\/rect><path fill=\"#323d42\" d=\"M45,7V4a2,2,0,0,1,2-2h4a2,2,0,0,1,2,2V7\"><\/path><rect width=\"26\" height=\"18\" x=\"5\" y=\"9\" fill=\"#43525b\"><\/rect><rect width=\"24\" height=\"16\" x=\"7\" y=\"9\" fill=\"#65777f\"><\/rect><polygon fill=\"#323d42\" points=\"21 32 21 27 15 27 15 32 21 32\"><\/polygon><rect width=\"18\" height=\"10\" x=\"9\" y=\"13\" fill=\"#50bae3\"><\/rect><rect width=\"24\" height=\"5\" x=\"6\" y=\"36\" fill=\"#b59231\" rx=\"2.5\"><\/rect><path fill=\"#b59231\" d=\"M27.5,58H8.5A2.5,2.5,0,0,1,6,55.5v-8A2.5,2.5,0,0,1,8.5,45h19A2.5,2.5,0,0,1,30,47.5v8A2.5,2.5,0,0,1,27.5,58Z\"><\/path><path fill=\"#f6bf44\" d=\"M27.5 45H8.5a2.5 2.5 0 00-.454.046A2.5 2.5 0 008 45.5v8A2.5 2.5 0 0010.5 56h19a2.5 2.5 0 00.454-.046A2.5 2.5 0 0030 55.5v-8A2.5 2.5 0 0027.5 45zM27.5 36H8.5a2.5 2.5 0 00-.454.046A2.478 2.478 0 0010.5 39h19a2.5 2.5 0 00.454-.046A2.478 2.478 0 0027.5 36z\"><\/path><rect width=\"17\" height=\"9\" x=\"10\" y=\"13\" fill=\"#b5deeb\"><\/rect><path fill=\"#43525b\" d=\"M57,7H41a3,3,0,0,0-3,3v2h5.586A3.415,3.415,0,0,1,46,13a3.415,3.415,0,0,0,2.414,1h1.172A3.415,3.415,0,0,0,52,13a3.415,3.415,0,0,1,2.414-1H60V10A3,3,0,0,0,57,7Z\"><\/path><path fill=\"#51626b\" d=\"M57,7H41a2.962,2.962,0,0,0-1,.184V12h3.586A3.415,3.415,0,0,1,46,13a3.415,3.415,0,0,0,2.414,1h1.172A3.415,3.415,0,0,0,52,13a3.415,3.415,0,0,1,2.414-1H60V10A3,3,0,0,0,57,7Z\"><\/path><path d=\"M62,40H56V38h1a4,4,0,0,0,4-4V29.8a6.938,6.938,0,0,0-1.168-3.858A4.943,4.943,0,0,1,59,23.2V20.8a4.943,4.943,0,0,1,.832-2.748A6.938,6.938,0,0,0,61,14.2V10a4,4,0,0,0-4-4H54V4a3,3,0,0,0-3-3H47a3,3,0,0,0-3,3V6H41a4,4,0,0,0-4,4V34a4,4,0,0,0,4,4h1v2H35V32a1,1,0,0,0-1-1H22V28h9a1,1,0,0,0,1-1V9a1,1,0,0,0-1-1H5A1,1,0,0,0,4,9V27a1,1,0,0,0,1,1h9v3H2a1,1,0,0,0-1,1V62a1,1,0,0,0,1,1H34a1,1,0,0,0,1-1V46h7V56a3,3,0,0,0,3,3h8a3,3,0,0,0,3-3V46h6a1,1,0,0,0,1-1V41A1,1,0,0,0,62,40ZM6,10H30V26H6ZM16,28h4v3H16ZM33,61H3V33H33ZM46,4a1,1,0,0,1,1-1h4a1,1,0,0,1,1,1V6H46ZM41,8H57a2,2,0,0,1,2,2v1H54.414a4.382,4.382,0,0,0-3.121,1.293A2.432,2.432,0,0,1,49.586,13H48.414a2.432,2.432,0,0,1-1.707-.707A4.382,4.382,0,0,0,43.586,11H39V10A2,2,0,0,1,41,8Zm0,28a2,2,0,0,1-2-2V13h4.586a2.432,2.432,0,0,1,1.707.707A4.382,4.382,0,0,0,48.414,15h1.172a4.382,4.382,0,0,0,3.121-1.293A2.432,2.432,0,0,1,54.414,13H59v1.2a4.943,4.943,0,0,1-.832,2.748A6.938,6.938,0,0,0,57,20.8V23.2a6.938,6.938,0,0,0,1.168,3.858A4.943,4.943,0,0,1,59,29.8V34a2,2,0,0,1-2,2H56V30a3,3,0,0,0-3-3H45a3,3,0,0,0-3,3v6Zm9-7V57H48V29ZM35,44V42h7v2Zm9,12V30a1,1,0,0,1,1-1h1V57H45A1,1,0,0,1,44,56Zm10,0a1,1,0,0,1-1,1H52V29h1a1,1,0,0,1,1,1Zm7-12H56V42h5Z\"><\/path><path d=\"M27 12H9a1 1 0 00-1 1V23a1 1 0 001 1H27a1 1 0 001-1V13A1 1 0 0027 12zM26 22H10V14H26zM5 38.5A3.5 3.5 0 008.5 42h19a3.5 3.5 0 000-7H8.5A3.5 3.5 0 005 38.5zm24 0A1.5 1.5 0 0127.5 40H8.5a1.5 1.5 0 010-3h19A1.5 1.5 0 0129 38.5zM27.5 44H8.5A3.5 3.5 0 005 47.5v8A3.5 3.5 0 008.5 59h19A3.5 3.5 0 0031 55.5v-8A3.5 3.5 0 0027.5 44zM29 55.5A1.5 1.5 0 0127.5 57H8.5A1.5 1.5 0 017 55.5v-8A1.5 1.5 0 018.5 46h19A1.5 1.5 0 0129 47.5z\"><\/path><\/g><\/svg><\/div><div class=\"wpr-story-info-vertical wpr-data-wrap \"  data-aos=\"fade\" data-aos-left=\"\" data-aos-right=\"\" data-animation-offset=\"150\" data-animation-duration=\"600\"><div class=\"wpr-animation-wrap wpr-timeline-media\"><img decoding=\"async\" width=\"867\" height=\"861\" src=\"https:\/\/kondziogarage.pl\/wp-content\/uploads\/2024\/03\/auto.png\" class=\"attachment-full size-full\" alt=\"\" srcset=\"https:\/\/kondziogarage.pl\/wp-content\/uploads\/2024\/03\/auto.png 867w, https:\/\/kondziogarage.pl\/wp-content\/uploads\/2024\/03\/auto-300x298.png 300w, https:\/\/kondziogarage.pl\/wp-content\/uploads\/2024\/03\/auto-150x150.png 150w, https:\/\/kondziogarage.pl\/wp-content\/uploads\/2024\/03\/auto-768x763.png 768w\" sizes=\"(max-width: 867px) 100vw, 867px\" \/><\/div><div class=\"wpr-timeline-content-wrapper\"><div class=\"wpr-content-wrapper\"><div class=\"wpr-description\"><p style=\"text-align: center\"><strong>Dbamy o Twoje bezpiecze\u0144stwo na drodze przez ca\u0142y rok! Skorzystaj z naszej us\u0142ugi wymiany opon, dostosowanej do zmieniaj\u0105cych si\u0119 warunk\u00f3w pogodowych. Bez wzgl\u0119du na sezon, zapewnimy sprawn\u0105 i profesjonaln\u0105 obs\u0142ug\u0119, aby\u015b m\u00f3g\u0142 cieszy\u0107 si\u0119 pewn\u0105 jazd\u0105 przez wszystkie miesi\u0105ce.<\/strong><\/p><\/div><\/div><\/div><\/div>\n\t\t\t\t\t\t<\/div>\n\t\t\t\t<\/article><span class=\"wpr-year-wrap\"><span class=\"wpr-year-label wpr-year\"><\/span><\/span><article class=\"wpr-timeline-entry wpr-left-aligned elementor-repeater-item-842b129\" data-item-id=\"elementor-repeater-item-842b129\"><time class=\"wpr-extra-label\" data-aos=\"fade\" data-aos-left=\"\" data-aos-right=\"\" data-animation-offset=\"150\" data-animation-duration=\"600\"><span class=\"wpr-sub-label\">Nowe opony<\/span><\/time><div class=\"wpr-timeline-entry-inner\"><div class=\"wpr-main-line-icon wpr-icon\"><svg aria-hidden=\"true\" class=\"e-font-icon-svg e-fas-hands-helping\" viewBox=\"0 0 640 512\" xmlns=\"http:\/\/www.w3.org\/2000\/svg\"><path d=\"M488 192H336v56c0 39.7-32.3 72-72 72s-72-32.3-72-72V126.4l-64.9 39C107.8 176.9 96 197.8 96 220.2v47.3l-80 46.2C.7 322.5-4.6 342.1 4.3 357.4l80 138.6c8.8 15.3 28.4 20.5 43.7 11.7L231.4 448H368c35.3 0 64-28.7 64-64h16c17.7 0 32-14.3 32-32v-64h8c13.3 0 24-10.7 24-24v-48c0-13.3-10.7-24-24-24zm147.7-37.4L555.7 16C546.9.7 527.3-4.5 512 4.3L408.6 64H306.4c-12 0-23.7 3.4-33.9 9.7L239 94.6c-9.4 5.8-15 16.1-15 27.1V248c0 22.1 17.9 40 40 40s40-17.9 40-40v-88h184c30.9 0 56 25.1 56 56v28.5l80-46.2c15.3-8.9 20.5-28.4 11.7-43.7z\"><\/path><\/svg><\/div><div class=\"wpr-story-info-vertical wpr-data-wrap \"  data-aos=\"fade\" data-aos-left=\"\" data-aos-right=\"\" data-animation-offset=\"150\" data-animation-duration=\"600\"><div class=\"wpr-animation-wrap wpr-timeline-media\"><img decoding=\"async\" width=\"859\" height=\"850\" src=\"https:\/\/kondziogarage.pl\/wp-content\/uploads\/2024\/03\/auto2.png\" class=\"attachment-full size-full\" alt=\"\" srcset=\"https:\/\/kondziogarage.pl\/wp-content\/uploads\/2024\/03\/auto2.png 859w, https:\/\/kondziogarage.pl\/wp-content\/uploads\/2024\/03\/auto2-300x297.png 300w, https:\/\/kondziogarage.pl\/wp-content\/uploads\/2024\/03\/auto2-768x760.png 768w\" sizes=\"(max-width: 859px) 100vw, 859px\" \/><\/div><div class=\"wpr-timeline-content-wrapper\"><div class=\"wpr-content-wrapper\"><div class=\"wpr-description\"><p>W naszym warsztacie czekaj\u0105 na Ciebie nowe opony, kt\u00f3re nie tylko zapewni\u0105 Ci bezpiecze\u0144stwo na drodze, ale tak\u017ce dostarcz\u0105 niesamowitych dozna\u0144 podczas jazdy. Je\u015bli chcesz poczu\u0107 adrenalin\u0119 i odrobin\u0119 \"pali\u0107 gum\u0119\" na asfalcie, nowe opony spe\u0142ni\u0105 Twoje oczekiwania. Nie zwlekaj d\u0142u\u017cej - odwied\u017a nas i poczuj r\u00f3\u017cnic\u0119!<\/p><\/div><\/div><\/div><\/div>\n\t\t\t\t\t\t<\/div>\n\t\t\t\t<\/article><article class=\"wpr-timeline-entry wpr-right-aligned elementor-repeater-item-a7f628b\" data-item-id=\"elementor-repeater-item-a7f628b\"><time class=\"wpr-extra-label\" data-aos=\"fade\" data-aos-left=\"\" data-aos-right=\"\" data-animation-offset=\"150\" data-animation-duration=\"600\"><span class=\"wpr-sub-label\">Nie daj si\u0119 zaskoczy\u0107 pogodzie!<\/span><\/time><div class=\"wpr-timeline-entry-inner\"><div class=\"wpr-main-line-icon wpr-icon\"><svg aria-hidden=\"true\" class=\"e-font-icon-svg e-fas-shield-alt\" viewBox=\"0 0 512 512\" xmlns=\"http:\/\/www.w3.org\/2000\/svg\"><path d=\"M466.5 83.7l-192-80a48.15 48.15 0 0 0-36.9 0l-192 80C27.7 91.1 16 108.6 16 128c0 198.5 114.5 335.7 221.5 380.3 11.8 4.9 25.1 4.9 36.9 0C360.1 472.6 496 349.3 496 128c0-19.4-11.7-36.9-29.5-44.3zM256.1 446.3l-.1-381 175.9 73.3c-3.3 151.4-82.1 261.1-175.8 307.7z\"><\/path><\/svg><\/div><div class=\"wpr-story-info-vertical wpr-data-wrap \"  data-aos=\"fade\" data-aos-left=\"\" data-aos-right=\"\" data-animation-offset=\"150\" data-animation-duration=\"600\"><div class=\"wpr-animation-wrap wpr-timeline-media\"><img loading=\"lazy\" decoding=\"async\" width=\"489\" height=\"447\" src=\"https:\/\/kondziogarage.pl\/wp-content\/uploads\/2024\/03\/zdj3.png\" class=\"attachment-full size-full\" alt=\"\" srcset=\"https:\/\/kondziogarage.pl\/wp-content\/uploads\/2024\/03\/zdj3.png 489w, https:\/\/kondziogarage.pl\/wp-content\/uploads\/2024\/03\/zdj3-300x274.png 300w\" sizes=\"(max-width: 489px) 100vw, 489px\" \/><\/div><div class=\"wpr-timeline-content-wrapper\"><div class=\"wpr-content-wrapper\"><div class=\"wpr-description\"><p>Wsp\u00f3\u0142pracuj\u0105c z nami, mo\u017cesz mie\u0107 pewno\u015b\u0107, \u017ce Twoje opony s\u0105 w najlepszych r\u0119kach. Nasz do\u015bwiadczony\u00a0 wulkanizator zadba o to, aby\u015b m\u00f3g\u0142 cieszy\u0107 si\u0119 stabilno\u015bci\u0105 i pewno\u015bci\u0105 podczas jazdy, bez wzgl\u0119du na to, czy pada deszcz, \u015bnieg czy s\u0142o\u0144ce.<\/p><\/div><\/div><\/div><\/div>\n\t\t\t\t\t\t<\/div>\n\t\t\t\t<\/article><\/div>    \n\t\t\t<\/div>\t\t\t\t<\/div>\n\t\t\t\t<\/div>\n\t\t\t\t\t<\/div>\n\t\t<\/div>\n\t\t\t\t\t<\/div>\n\t\t<\/section>\n\t\t\t\t<\/div>\n\t\t","protected":false},"excerpt":{"rendered":"<p>Naprawa opon Odkryj nasz\u0105 specjalistyczn\u0105 us\u0142ug\u0119 naprawy opon, gdzie szybko i skutecznie przywr\u00f3cimy pe\u0142n\u0105 sprawno\u015b\u0107 twoim ko\u0142om. Bezpiecze\u0144stwo na drodze zaczyna si\u0119 od zdrowych opon \u2013 zaufaj naszemu do\u015bwiadczeni Wymiana opon Dbamy o Twoje bezpiecze\u0144stwo na drodze przez ca\u0142y rok! Skorzystaj z naszej us\u0142ugi wymiany opon, dostosowanej do zmieniaj\u0105cych si\u0119 warunk\u00f3w pogodowych. Bez wzgl\u0119du na sezon, zapewnimy sprawn\u0105 i profesjonaln\u0105 obs\u0142ug\u0119, aby\u015b m\u00f3g\u0142 cieszy\u0107 si\u0119 pewn\u0105 jazd\u0105 przez wszystkie miesi\u0105ce. Nowe opony W naszym warsztacie czekaj\u0105 na Ciebie nowe opony, kt\u00f3re nie tylko zapewni\u0105 Ci bezpiecze\u0144stwo na drodze, ale tak\u017ce dostarcz\u0105 niesamowitych dozna\u0144 podczas jazdy. Je\u015bli chcesz poczu\u0107 adrenalin\u0119 i odrobin\u0119 &#8222;pali\u0107 gum\u0119&#8221; na asfalcie, nowe opony spe\u0142ni\u0105 Twoje oczekiwania. Nie zwlekaj d\u0142u\u017cej &#8211; odwied\u017a nas i poczuj r\u00f3\u017cnic\u0119! Nie daj si\u0119 zaskoczy\u0107 pogodzie! Wsp\u00f3\u0142pracuj\u0105c z nami, mo\u017cesz mie\u0107 pewno\u015b\u0107, \u017ce Twoje opony s\u0105 w najlepszych r\u0119kach. Nasz do\u015bwiadczony\u00a0 wulkanizator zadba o to, aby\u015b m\u00f3g\u0142 cieszy\u0107 si\u0119 stabilno\u015bci\u0105 i pewno\u015bci\u0105 podczas jazdy, bez wzgl\u0119du na to, czy pada deszcz, \u015bnieg czy s\u0142o\u0144ce.<\/p>\n","protected":false},"author":1,"featured_media":0,"parent":0,"menu_order":0,"comment_status":"closed","ping_status":"closed","template":"","meta":{"om_disable_all_campaigns":false,"_monsterinsights_skip_tracking":false,"_monsterinsights_sitenote_active":false,"_monsterinsights_sitenote_note":"","_monsterinsights_sitenote_category":0,"_uf_show_specific_survey":0,"_uf_disable_surveys":false,"footnotes":""},"class_list":["post-192","page","type-page","status-publish","hentry"],"aioseo_notices":[],"_links":{"self":[{"href":"https:\/\/kondziogarage.pl\/index.php\/wp-json\/wp\/v2\/pages\/192","targetHints":{"allow":["GET"]}}],"collection":[{"href":"https:\/\/kondziogarage.pl\/index.php\/wp-json\/wp\/v2\/pages"}],"about":[{"href":"https:\/\/kondziogarage.pl\/index.php\/wp-json\/wp\/v2\/types\/page"}],"author":[{"embeddable":true,"href":"https:\/\/kondziogarage.pl\/index.php\/wp-json\/wp\/v2\/users\/1"}],"replies":[{"embeddable":true,"href":"https:\/\/kondziogarage.pl\/index.php\/wp-json\/wp\/v2\/comments?post=192"}],"version-history":[{"count":14,"href":"https:\/\/kondziogarage.pl\/index.php\/wp-json\/wp\/v2\/pages\/192\/revisions"}],"predecessor-version":[{"id":230,"href":"https:\/\/kondziogarage.pl\/index.php\/wp-json\/wp\/v2\/pages\/192\/revisions\/230"}],"wp:attachment":[{"href":"https:\/\/kondziogarage.pl\/index.php\/wp-json\/wp\/v2\/media?parent=192"}],"curies":[{"name":"wp","href":"https:\/\/api.w.org\/{rel}","templated":true}]}}